{"id":131139,"date":"2024-06-06T18:30:52","date_gmt":"2024-06-06T15:30:52","guid":{"rendered":"https:\/\/test.astone.ee\/prugikoristus\/"},"modified":"2024-06-06T20:37:34","modified_gmt":"2024-06-06T17:37:34","slug":"prugikoristus","status":"publish","type":"page","link":"https:\/\/test.astone.ee\/et\/prugikoristus\/","title":{"rendered":"Pr\u00fcgikoristus"},"content":{"rendered":"<div class=\"wpb-content-wrapper\"><p>[vc_row row_height_percent=&#8221;0&#8243; override_padding=&#8221;yes&#8221; h_padding=&#8221;2&#8243; top_padding=&#8221;5&#8243; bottom_padding=&#8221;5&#8243; back_color=&#8221;color-wayh&#8221; back_image=&#8221;130945&#8243; back_position=&#8221;center center&#8221; parallax=&#8221;yes&#8221; overlay_color=&#8221;color-wayh&#8221; overlay_alpha=&#8221;50&#8243; gutter_size=&#8221;3&#8243; column_width_percent=&#8221;100&#8243; shift_y=&#8221;0&#8243; z_index=&#8221;1&#8243; uncode_shortcode_id=&#8221;672409&#8243; back_color_type=&#8221;uncode-palette&#8221; overlay_color_type=&#8221;uncode-palette&#8221; shape_dividers=&#8221;&#8221;][vc_column column_width_percent=&#8221;100&#8243; position_vertical=&#8221;middle&#8221; gutter_size=&#8221;3&#8243; overlay_alpha=&#8221;50&#8243; shift_x=&#8221;0&#8243; shift_y=&#8221;0&#8243; shift_y_down=&#8221;0&#8243; z_index=&#8221;0&#8243; medium_width=&#8221;0&#8243; mobile_width=&#8221;0&#8243; width=&#8221;1\/1&#8243; uncode_shortcode_id=&#8221;967412&#8243;][vc_row_inner row_inner_height_percent=&#8221;0&#8243; overlay_alpha=&#8221;50&#8243; equal_height=&#8221;yes&#8221; gutter_size=&#8221;4&#8243; shift_y=&#8221;0&#8243; z_index=&#8221;0&#8243; limit_content=&#8221;&#8221;][vc_column_inner column_width_percent=&#8221;100&#8243; position_vertical=&#8221;middle&#8221; gutter_size=&#8221;3&#8243; style=&#8221;dark&#8221; overlay_alpha=&#8221;50&#8243; shift_x=&#8221;0&#8243; shift_y=&#8221;0&#8243; shift_y_down=&#8221;0&#8243; z_index=&#8221;0&#8243; medium_width=&#8221;0&#8243; mobile_width=&#8221;0&#8243; width=&#8221;2\/3&#8243;][vc_custom_heading heading_semantic=&#8221;h3&#8243; text_size=&#8221;fontsize-338686&#8243; css_animation=&#8221;curtain&#8221; animation_delay=&#8221;200&#8243; interval_animation=&#8221;200&#8243; uncode_shortcode_id=&#8221;174619&#8243;]<\/p>\n<p style=\"text-align: center;\"><span class=\"heading-text-highlight \" data-atts='{\"bg\":\"style-color-xsdn-bg\",\"height\":\"10%\",\"offset\":\"0.00em\",\"opacity\":\"0.25\",\"animated\":\"yes\"}'>Kodumajapidamiste ja ehitusj\u00e4\u00e4tmete \u00e4ravedu<\/span><\/p>\n<p>[\/vc_custom_heading][vc_column_text text_lead=&#8221;yes&#8221; uncode_shortcode_id=&#8221;157156&#8243;]Samuti metallij\u00e4\u00e4tmed, pinnas ja lumi kruntidelt ja ehitusplatsidelt, majadest ja korteritest.[\/vc_column_text][\/vc_column_inner][\/vc_row_inner][\/vc_column][\/vc_row][vc_row row_height_percent=&#8221;0&#8243; override_padding=&#8221;yes&#8221; h_padding=&#8221;2&#8243; top_padding=&#8221;5&#8243; bottom_padding=&#8221;5&#8243; overlay_alpha=&#8221;50&#8243; gutter_size=&#8221;3&#8243; column_width_percent=&#8221;100&#8243; shift_y=&#8221;0&#8243; z_index=&#8221;0&#8243;][vc_column column_width_percent=&#8221;100&#8243; gutter_size=&#8221;4&#8243; overlay_alpha=&#8221;50&#8243; shift_x=&#8221;0&#8243; shift_y=&#8221;0&#8243; shift_y_down=&#8221;0&#8243; z_index=&#8221;0&#8243; medium_width=&#8221;0&#8243; mobile_width=&#8221;0&#8243; width=&#8221;1\/1&#8243;][vc_row_inner row_inner_height_percent=&#8221;0&#8243; overlay_alpha=&#8221;50&#8243; gutter_size=&#8221;4&#8243; shift_y=&#8221;0&#8243; z_index=&#8221;0&#8243; limit_content=&#8221;&#8221;][vc_column_inner column_width_use_pixel=&#8221;yes&#8221; position_horizontal=&#8221;left&#8221; gutter_size=&#8221;1&#8243; overlay_alpha=&#8221;50&#8243; shift_x=&#8221;0&#8243; shift_y=&#8221;0&#8243; shift_y_down=&#8221;0&#8243; z_index=&#8221;0&#8243; medium_width=&#8221;0&#8243; mobile_width=&#8221;0&#8243; width=&#8221;1\/1&#8243; column_width_pixel=&#8221;700&#8243; uncode_shortcode_id=&#8221;194690&#8243;][vc_custom_heading heading_semantic=&#8221;h3&#8243; text_size=&#8221;fontsize-155944&#8243; uncode_shortcode_id=&#8221;148738&#8243; subheading=&#8221;Me puhastame alad, ehitusplatsid enne ja p\u00e4rast k\u00f5iki t\u00f6id. Me aitame teil s\u00e4ilitada segadusteta t\u00f6\u00f6ruumi.&#8221;]J\u00e4\u00e4tmed, vanametall, pinnas, lumi &#8211; eemaldatakse meie enda transpordiga.[\/vc_custom_heading][\/vc_column_inner][\/vc_row_inner][vc_row_inner row_inner_height_percent=&#8221;0&#8243; overlay_alpha=&#8221;50&#8243; gutter_size=&#8221;4&#8243; shift_y=&#8221;0&#8243; z_index=&#8221;0&#8243; limit_content=&#8221;&#8221;][vc_column_inner column_width_percent=&#8221;100&#8243; gutter_size=&#8221;3&#8243; overlay_alpha=&#8221;50&#8243; shift_x=&#8221;0&#8243; shift_y=&#8221;0&#8243; shift_y_down=&#8221;0&#8243; z_index=&#8221;0&#8243; medium_width=&#8221;3&#8243; mobile_width=&#8221;0&#8243; width=&#8221;1\/3&#8243;][vc_icon position=&#8221;left&#8221; icon=&#8221;fa fa-snowflake-o&#8221; size=&#8221;fa-3x&#8221; text_size=&#8221;h4&#8243; title=&#8221;Lume eemaldamine&#8221; uncode_shortcode_id=&#8221;182100&#8243;]Me puhastame koheselt lumekuhjadest ja viime need spetsiaalsetele pr\u00fcgilatele. T\u00f6\u00f6tame uute s\u00f5idukitega, millel on erinevad kere mahud teie vajaduste jaoks.[\/vc_icon][\/vc_column_inner][vc_column_inner column_width_percent=&#8221;100&#8243; gutter_size=&#8221;3&#8243; overlay_alpha=&#8221;50&#8243; shift_x=&#8221;0&#8243; shift_y=&#8221;0&#8243; shift_y_down=&#8221;0&#8243; z_index=&#8221;0&#8243; medium_width=&#8221;3&#8243; mobile_width=&#8221;0&#8243; width=&#8221;1\/3&#8243;][vc_icon position=&#8221;left&#8221; icon=&#8221;fa fa-leaf3&#8243; size=&#8221;fa-3x&#8221; text_size=&#8221;h4&#8243; title=&#8221;Mulla eemaldamine&#8221; uncode_shortcode_id=&#8221;130355&#8243;]Ehituse k\u00e4igus tekib liigne pinnas, mis tuleb ehitusplatsilt eemaldada. V\u00f5tame pinnase t\u00f6\u00f6tlemiseks vastu, tagame pinnase kiire eemaldamise.[\/vc_icon][\/vc_column_inner][vc_column_inner column_width_percent=&#8221;100&#8243; gutter_size=&#8221;3&#8243; overlay_alpha=&#8221;50&#8243; shift_x=&#8221;0&#8243; shift_y=&#8221;0&#8243; shift_y_down=&#8221;0&#8243; z_index=&#8221;0&#8243; medium_width=&#8221;3&#8243; mobile_width=&#8221;0&#8243; width=&#8221;1\/3&#8243;][vc_icon position=&#8221;left&#8221; icon=&#8221;fa fa-recycle&#8221; size=&#8221;fa-3x&#8221; text_size=&#8221;h4&#8243; title=&#8221;Pr\u00fcgikoristus&#8221; uncode_shortcode_id=&#8221;180698&#8243;]Me v\u00f5tame kodumajapidamisj\u00e4\u00e4tmed ja suurem\u00f5\u00f5tmelised kaubad \u00e4ra oma veoautodega. Me puhastame ehitusplatsi k\u00f5igest, mis takistab t\u00f6\u00f6de j\u00e4tkumist.[\/vc_icon][\/vc_column_inner][\/vc_row_inner][\/vc_column][\/vc_row][vc_row row_height_percent=&#8221;0&#8243; override_padding=&#8221;yes&#8221; h_padding=&#8221;2&#8243; top_padding=&#8221;5&#8243; bottom_padding=&#8221;5&#8243; back_image=&#8221;130939&#8243; overlay_color=&#8221;color-jevc&#8221; overlay_alpha=&#8221;50&#8243; gutter_size=&#8221;3&#8243; column_width_percent=&#8221;100&#8243; shift_y=&#8221;0&#8243; z_index=&#8221;0&#8243; uncode_shortcode_id=&#8221;207295&#8243; overlay_color_type=&#8221;uncode-palette&#8221; shape_dividers=&#8221;&#8221;][vc_column column_width_use_pixel=&#8221;yes&#8221; align_horizontal=&#8221;align_center&#8221; gutter_size=&#8221;3&#8243; overlay_alpha=&#8221;50&#8243; shift_x=&#8221;0&#8243; shift_y=&#8221;0&#8243; shift_y_down=&#8221;0&#8243; z_index=&#8221;0&#8243; medium_width=&#8221;0&#8243; mobile_width=&#8221;0&#8243; width=&#8221;1\/1&#8243; column_width_pixel=&#8221;900&#8243;][vc_custom_heading text_color=&#8221;color-xsdn&#8221; uncode_shortcode_id=&#8221;124713&#8243; text_color_type=&#8221;uncode-palette&#8221;]Meie ulatuslik s\u00f5idukipark tagab teie soovitud p\u00e4eval j\u00e4\u00e4tmete, suurem\u00f5\u00f5tmelise lasti, metallij\u00e4\u00e4tmete, pinnase ja lume katkematu \u00e4raveo teie objektilt.[\/vc_custom_heading][\/vc_column][\/vc_row][vc_row row_height_percent=&#8221;0&#8243; override_padding=&#8221;yes&#8221; h_padding=&#8221;2&#8243; top_padding=&#8221;5&#8243; bottom_padding=&#8221;5&#8243; overlay_alpha=&#8221;50&#8243; gutter_size=&#8221;3&#8243; column_width_percent=&#8221;100&#8243; shift_y=&#8221;0&#8243; z_index=&#8221;0&#8243;][vc_column column_width_percent=&#8221;100&#8243; gutter_size=&#8221;4&#8243; overlay_alpha=&#8221;50&#8243; shift_x=&#8221;0&#8243; shift_y=&#8221;0&#8243; shift_y_down=&#8221;0&#8243; z_index=&#8221;0&#8243; medium_width=&#8221;0&#8243; mobile_width=&#8221;0&#8243; width=&#8221;1\/1&#8243;][vc_row_inner row_inner_height_percent=&#8221;0&#8243; overlay_alpha=&#8221;50&#8243; gutter_size=&#8221;4&#8243; shift_y=&#8221;0&#8243; z_index=&#8221;0&#8243; limit_content=&#8221;&#8221;][vc_column_inner column_width_use_pixel=&#8221;yes&#8221; position_horizontal=&#8221;left&#8221; gutter_size=&#8221;1&#8243; overlay_alpha=&#8221;50&#8243; shift_x=&#8221;0&#8243; shift_y=&#8221;0&#8243; shift_y_down=&#8221;0&#8243; z_index=&#8221;0&#8243; medium_width=&#8221;0&#8243; mobile_width=&#8221;0&#8243; width=&#8221;1\/1&#8243; column_width_pixel=&#8221;700&#8243; uncode_shortcode_id=&#8221;194690&#8243;][vc_custom_heading heading_semantic=&#8221;h3&#8243; text_size=&#8221;fontsize-155944&#8243; uncode_shortcode_id=&#8221;262411&#8243; subheading=&#8221;Ehituse v\u00f5i haljastuse k\u00e4igus tekib iga\u00fchel suur kogus pr\u00fcgi: ehitus-, majapidamis- ja suurj\u00e4\u00e4tmed. Selle probleemi lahendamiseks p\u00f6\u00f6rdutakse kolimisorganisatsioonide poole. Selle tulemusena te:&#8221;]V\u00f5tke meiega \u00fchendust, et hoolitseda keskkonna eest[\/vc_custom_heading][\/vc_column_inner][\/vc_row_inner][vc_row_inner row_inner_height_percent=&#8221;0&#8243; overlay_alpha=&#8221;50&#8243; gutter_size=&#8221;4&#8243; shift_y=&#8221;0&#8243; z_index=&#8221;0&#8243; limit_content=&#8221;&#8221; uncode_shortcode_id=&#8221;155972&#8243;][vc_column_inner column_width_percent=&#8221;100&#8243; gutter_size=&#8221;3&#8243; back_color=&#8221;color-lxmt&#8221; overlay_alpha=&#8221;50&#8243; shift_x=&#8221;0&#8243; shift_y=&#8221;0&#8243; shift_y_down=&#8221;0&#8243; z_index=&#8221;0&#8243; medium_width=&#8221;3&#8243; mobile_width=&#8221;0&#8243; width=&#8221;1\/3&#8243; uncode_shortcode_id=&#8221;174447&#8243; back_color_type=&#8221;uncode-palette&#8221;][vc_column_text uncode_shortcode_id=&#8221;153445&#8243;]<\/p>\n<p style=\"text-align: center;\"><strong>S\u00e4\u00e4sta oma aega <\/strong>Spetsialistid kohe<br \/>\non \u00fclesande t\u00e4itmisega hakkama saanud[\/vc_column_text][\/vc_column_inner][vc_column_inner column_width_percent=&#8221;100&#8243; gutter_size=&#8221;3&#8243; back_color=&#8221;color-lxmt&#8221; overlay_alpha=&#8221;50&#8243; shift_x=&#8221;0&#8243; shift_y=&#8221;0&#8243; shift_y_down=&#8221;0&#8243; z_index=&#8221;0&#8243; medium_width=&#8221;3&#8243; mobile_width=&#8221;0&#8243; width=&#8221;1\/3&#8243; uncode_shortcode_id=&#8221;546760&#8243; back_color_type=&#8221;uncode-palette&#8221;][vc_column_text uncode_shortcode_id=&#8221;442619&#8243;]<\/p>\n<p style=\"text-align: center;\"><strong>J\u00e4\u00e4tmete n\u00f5uetekohane k\u00f5rvaldamine<\/strong><br \/>\nMe k\u00f5rvaldame j\u00e4\u00e4tmed litsentseeritud j\u00e4\u00e4tmekogumispunktidesse.[\/vc_column_text][\/vc_column_inner][vc_column_inner column_width_percent=&#8221;100&#8243; gutter_size=&#8221;3&#8243; back_color=&#8221;color-lxmt&#8221; overlay_alpha=&#8221;50&#8243; shift_x=&#8221;0&#8243; shift_y=&#8221;0&#8243; shift_y_down=&#8221;0&#8243; z_index=&#8221;0&#8243; medium_width=&#8221;3&#8243; mobile_width=&#8221;0&#8243; width=&#8221;1\/3&#8243; uncode_shortcode_id=&#8221;259853&#8243; back_color_type=&#8221;uncode-palette&#8221;][vc_column_text uncode_shortcode_id=&#8221;827452&#8243;]<\/p>\n<p style=\"text-align: center;\"><strong>Vabastage ala<\/strong><br \/>\npr\u00fcgist ja vanametallist ning ehitusprotsessis tekkinud praost.[\/vc_column_text][\/vc_column_inner][\/vc_row_inner][\/vc_column][\/vc_row][vc_row row_height_percent=&#8221;0&#8243; override_padding=&#8221;yes&#8221; h_padding=&#8221;2&#8243; top_padding=&#8221;5&#8243; bottom_padding=&#8221;5&#8243; back_color=&#8221;color-lxmt&#8221; overlay_alpha=&#8221;50&#8243; gutter_size=&#8221;100&#8243; column_width_percent=&#8221;100&#8243; shift_y=&#8221;0&#8243; z_index=&#8221;0&#8243; style=&#8221;inherited&#8221; row_name=&#8221;About Us&#8221; uncode_shortcode_id=&#8221;110211&#8243; back_color_type=&#8221;uncode-palette&#8221; shape_dividers=&#8221;&#8221;][vc_column column_width_percent=&#8221;100&#8243; position_vertical=&#8221;middle&#8221; align_horizontal=&#8221;align_center&#8221; gutter_size=&#8221;4&#8243; overlay_alpha=&#8221;100&#8243; shift_x=&#8221;0&#8243; shift_y=&#8221;0&#8243; shift_y_down=&#8221;0&#8243; z_index=&#8221;0&#8243; medium_width=&#8221;0&#8243; mobile_width=&#8221;0&#8243; zoom_width=&#8221;0&#8243; zoom_height=&#8221;0&#8243; width=&#8221;1\/1&#8243;][vc_row_inner row_inner_height_percent=&#8221;0&#8243; overlay_alpha=&#8221;100&#8243; gutter_size=&#8221;4&#8243; shift_y=&#8221;0&#8243; z_index=&#8221;0&#8243; limit_content=&#8221;&#8221;][vc_column_inner column_width_percent=&#8221;100&#8243; gutter_size=&#8221;3&#8243; overlay_alpha=&#8221;100&#8243; shift_x=&#8221;0&#8243; shift_y=&#8221;0&#8243; shift_y_down=&#8221;0&#8243; z_index=&#8221;0&#8243; medium_width=&#8221;3&#8243; mobile_width=&#8221;7&#8243; zoom_width=&#8221;0&#8243; zoom_height=&#8221;0&#8243; width=&#8221;1\/4&#8243;][uncode_list icon=&#8221;fa fa-check-circle-o&#8221; uncode_shortcode_id=&#8221;173449&#8243;]<\/p>\n<h1>Miks valida Astone<\/h1>\n<ul>\n<li><strong>Omane transport.  <\/strong>Meie masinad tagavad sujuva ja plaanip\u00e4rase kolimise ilma rikete t\u00f5ttu tekkivate probleemideta.<\/li>\n<li><strong>Erinevad mahud. <\/strong>Meie veoautopark v\u00f5imaldab teil eemaldada alates 0,5 kuupmeetrit. mis tahes j\u00e4\u00e4tmetest.<\/li>\n<li><strong>Spetsialistide meeskond. <\/strong>Kiire kohapealne t\u00f6\u00f6, et saaksite oma t\u00f6\u00f6d kohapeal takistusteta j\u00e4tkata.<\/li>\n<li><strong>Erinevate materjalide eemaldamine.  <\/strong>Kodumajapidamisj\u00e4\u00e4tmed, suurem\u00f5\u00f5tmeline lasti, metall, ehitusj\u00e4\u00e4tmed, puiduj\u00e4\u00e4tmed, pinnas (ka edasiseks t\u00f6\u00f6tlemiseks), lumi, saepuru.<\/li>\n<li><strong>Saidi puhastamine.  <\/strong>Sageli on meie abi vaja algstaadiumis ala puhastamiseks. V\u00f5i p\u00e4rast t\u00f6\u00f6de teostamist l\u00f5pppuhastuseks.<\/li>\n<li><strong>Kassa 24\/7.  <\/strong>Me reageerime kiiresti saabuvatele tellimustele ja teostame kolimise 3 tunni jooksul p\u00e4rast taotluse vastuv\u00f5tmist.<\/li>\n<li><strong>Me t\u00f6\u00f6tame \u00fcle kogu riigi.  <\/strong>Pakume pr\u00fcgivedu ja lumekoristust peaaegu kogu Eestis, isegi k\u00f5ige kaugemates piirkondades.<\/li>\n<\/ul>\n<p>[\/uncode_list][\/vc_column_inner][vc_column_inner column_width_percent=&#8221;100&#8243; gutter_size=&#8221;3&#8243; overlay_alpha=&#8221;100&#8243; shift_x=&#8221;0&#8243; shift_y=&#8221;0&#8243; shift_y_down=&#8221;0&#8243; z_index=&#8221;0&#8243; medium_width=&#8221;3&#8243; mobile_width=&#8221;7&#8243; zoom_width=&#8221;0&#8243; zoom_height=&#8221;0&#8243; width=&#8221;1\/4&#8243;][vc_single_image media=&#8221;130944&#8243; media_width_percent=&#8221;100&#8243; uncode_shortcode_id=&#8221;846961&#8243;][\/vc_column_inner][\/vc_row_inner][\/vc_column][\/vc_row][vc_row row_height_percent=&#8221;0&#8243; override_padding=&#8221;yes&#8221; h_padding=&#8221;2&#8243; top_padding=&#8221;5&#8243; bottom_padding=&#8221;5&#8243; back_image=&#8221;130664&#8243; overlay_alpha=&#8221;50&#8243; gutter_size=&#8221;3&#8243; column_width_percent=&#8221;100&#8243; shift_y=&#8221;0&#8243; z_index=&#8221;0&#8243; uncode_shortcode_id=&#8221;108199&#8243;][vc_column column_width_use_pixel=&#8221;yes&#8221; align_horizontal=&#8221;align_center&#8221; gutter_size=&#8221;3&#8243; overlay_alpha=&#8221;50&#8243; shift_x=&#8221;0&#8243; shift_y=&#8221;0&#8243; shift_y_down=&#8221;0&#8243; z_index=&#8221;0&#8243; medium_width=&#8221;0&#8243; mobile_width=&#8221;0&#8243; width=&#8221;1\/1&#8243; column_width_pixel=&#8221;900&#8243;][vc_custom_heading text_color=&#8221;color-xsdn&#8221; uncode_shortcode_id=&#8221;209675&#8243; text_color_type=&#8221;uncode-palette&#8221;]V\u00f5tke \u00fchendust professionaalide meeskonnaga, et puhastada ala erinevatest j\u00e4\u00e4tmeliikidest.[\/vc_custom_heading][\/vc_column][\/vc_row][vc_row row_height_percent=&#8221;0&#8243; override_padding=&#8221;yes&#8221; h_padding=&#8221;2&#8243; top_padding=&#8221;5&#8243; bottom_padding=&#8221;5&#8243; overlay_alpha=&#8221;50&#8243; gutter_size=&#8221;100&#8243; column_width_percent=&#8221;100&#8243; shift_y=&#8221;0&#8243; z_index=&#8221;0&#8243; style=&#8221;inherited&#8221; row_name=&#8221;About Us&#8221;][vc_column column_width_percent=&#8221;100&#8243; position_vertical=&#8221;middle&#8221; align_horizontal=&#8221;align_center&#8221; gutter_size=&#8221;4&#8243; overlay_alpha=&#8221;100&#8243; shift_x=&#8221;0&#8243; shift_y=&#8221;0&#8243; shift_y_down=&#8221;0&#8243; z_index=&#8221;0&#8243; medium_width=&#8221;0&#8243; mobile_width=&#8221;0&#8243; zoom_width=&#8221;0&#8243; zoom_height=&#8221;0&#8243; width=&#8221;1\/1&#8243;][vc_row_inner row_inner_height_percent=&#8221;0&#8243; overlay_alpha=&#8221;100&#8243; gutter_size=&#8221;4&#8243; shift_y=&#8221;0&#8243; z_index=&#8221;0&#8243; limit_content=&#8221;&#8221;][vc_column_inner column_width_percent=&#8221;100&#8243; gutter_size=&#8221;3&#8243; overlay_alpha=&#8221;100&#8243; shift_x=&#8221;0&#8243; shift_y=&#8221;0&#8243; shift_y_down=&#8221;0&#8243; z_index=&#8221;0&#8243; medium_width=&#8221;3&#8243; mobile_width=&#8221;7&#8243; zoom_width=&#8221;0&#8243; zoom_height=&#8221;0&#8243; width=&#8221;1\/4&#8243;][vc_single_image media=&#8221;130621&#8243; media_width_percent=&#8221;100&#8243; uncode_shortcode_id=&#8221;338768&#8243;][\/vc_column_inner][vc_column_inner column_width_percent=&#8221;100&#8243; gutter_size=&#8221;3&#8243; overlay_alpha=&#8221;100&#8243; shift_x=&#8221;0&#8243; shift_y=&#8221;0&#8243; shift_y_down=&#8221;0&#8243; z_index=&#8221;0&#8243; medium_width=&#8221;3&#8243; mobile_width=&#8221;7&#8243; zoom_width=&#8221;0&#8243; zoom_height=&#8221;0&#8243; width=&#8221;1\/4&#8243;][vc_column_text uncode_shortcode_id=&#8221;363384&#8243;]<\/p>\n<h1>Andke oma \u00fclesanne \u00fcle spetsialistide meeskonnale<\/h1>\n<p>L\u00f5petage muretsemine selle p\u00e4rast, kuidas eemaldada suures koguses j\u00e4\u00e4tmeid, pr\u00fcgi, vanametalli, lund, liiva kinnistult.<\/p>\n<p>Spetsialistid v\u00f5tavad vastutuse n\u00f5uetekohase k\u00f5rvaldamise eest, et te saaksite tegeleda t\u00e4htsamate asjadega.<br \/>\nMe teeme k\u00f5ik kiiresti ja t\u00f5husalt.[\/vc_column_text][\/vc_column_inner][\/vc_row_inner][vc_row_inner row_inner_height_percent=&#8221;0&#8243; overlay_alpha=&#8221;100&#8243; gutter_size=&#8221;4&#8243; shift_y=&#8221;0&#8243; z_index=&#8221;0&#8243; limit_content=&#8221;&#8221;][vc_column_inner column_width_percent=&#8221;100&#8243; gutter_size=&#8221;3&#8243; overlay_alpha=&#8221;100&#8243; shift_x=&#8221;0&#8243; shift_y=&#8221;0&#8243; shift_y_down=&#8221;0&#8243; z_index=&#8221;0&#8243; medium_width=&#8221;3&#8243; mobile_width=&#8221;7&#8243; zoom_width=&#8221;0&#8243; zoom_height=&#8221;0&#8243; width=&#8221;1\/3&#8243;][\/vc_column_inner][vc_column_inner width=&#8221;1\/3&#8243;][vc_button border_width=&#8221;0&#8243; uncode_shortcode_id=&#8221;337801&#8243;]Loe edasi[\/vc_button][\/vc_column_inner][vc_column_inner width=&#8221;1\/3&#8243;][\/vc_column_inner][\/vc_row_inner][\/vc_column][\/vc_row][vc_row row_height_percent=&#8221;0&#8243; override_padding=&#8221;yes&#8221; h_padding=&#8221;2&#8243; top_padding=&#8221;5&#8243; bottom_padding=&#8221;5&#8243; back_color=&#8221;color-rgdb&#8221; overlay_alpha=&#8221;50&#8243; gutter_size=&#8221;5&#8243; column_width_percent=&#8221;100&#8243; shift_y=&#8221;0&#8243; z_index=&#8221;0&#8243; uncode_shortcode_id=&#8221;547213&#8243; back_color_type=&#8221;uncode-palette&#8221;][vc_column column_width_percent=&#8221;100&#8243; gutter_size=&#8221;3&#8243; style=&#8221;dark&#8221; font_family=&#8221;font-846016&#8243; overlay_alpha=&#8221;50&#8243; shift_x=&#8221;0&#8243; shift_y=&#8221;0&#8243; shift_y_down=&#8221;0&#8243; z_index=&#8221;0&#8243; medium_width=&#8221;0&#8243; mobile_visibility=&#8221;yes&#8221; align_mobile=&#8221;align_center_mobile&#8221; mobile_width=&#8221;0&#8243; width=&#8221;4\/12&#8243; uncode_shortcode_id=&#8221;177485&#8243;][vc_single_image media=&#8221;130731&#8243; media_width_percent=&#8221;100&#8243; uncode_shortcode_id=&#8221;448273&#8243;][\/vc_column][vc_column column_width_percent=&#8221;100&#8243; gutter_size=&#8221;3&#8243; overlay_alpha=&#8221;50&#8243; shift_x=&#8221;0&#8243; shift_y=&#8221;0&#8243; shift_y_down=&#8221;0&#8243; z_index=&#8221;0&#8243; medium_visibility=&#8221;yes&#8221; medium_width=&#8221;0&#8243; mobile_visibility=&#8221;yes&#8221; mobile_width=&#8221;0&#8243; width=&#8221;1\/12&#8243; uncode_shortcode_id=&#8221;212717&#8243;][\/vc_column][vc_column column_width_percent=&#8221;100&#8243; gutter_size=&#8221;4&#8243; style=&#8221;dark&#8221; font_family=&#8221;font-846016&#8243; overlay_alpha=&#8221;50&#8243; shift_x=&#8221;0&#8243; shift_y=&#8221;0&#8243; shift_y_down=&#8221;0&#8243; z_index=&#8221;0&#8243; medium_width=&#8221;0&#8243; mobile_width=&#8221;0&#8243; width=&#8221;7\/12&#8243; uncode_shortcode_id=&#8221;156279&#8243;][vc_row_inner row_inner_height_percent=&#8221;0&#8243; overlay_alpha=&#8221;50&#8243; gutter_size=&#8221;3&#8243; shift_y=&#8221;0&#8243; z_index=&#8221;0&#8243; limit_content=&#8221;&#8221; uncode_shortcode_id=&#8221;179785&#8243;][vc_column_inner column_width_percent=&#8221;100&#8243; gutter_size=&#8221;3&#8243; style=&#8221;dark&#8221; overlay_alpha=&#8221;50&#8243; shift_x=&#8221;0&#8243; shift_y=&#8221;0&#8243; shift_y_down=&#8221;0&#8243; z_index=&#8221;0&#8243; medium_width=&#8221;3&#8243; align_mobile=&#8221;align_center_mobile&#8221; mobile_width=&#8221;0&#8243; width=&#8221;1\/3&#8243; uncode_shortcode_id=&#8221;129016&#8243;][vc_custom_heading heading_semantic=&#8221;h3&#8243; text_font=&#8221;font-846016&#8243; text_size=&#8221;h4&#8243; uncode_shortcode_id=&#8221;467553&#8243;]Navigeeri[\/vc_custom_heading][vc_column_text uncode_shortcode_id=&#8221;280718&#8243;]<a href=\"#\">Kodu<\/a><br \/>\n<a href=\"#\">Teenused<\/a><br \/>\n<a href=\"#\">Portfoolio<\/a><br \/>\n<a href=\"#\">Viimane<\/a><br \/>\n<a href=\"#\">Kontakt<\/a>[\/vc_column_text][\/vc_column_inner][vc_column_inner column_width_percent=&#8221;100&#8243; gutter_size=&#8221;3&#8243; style=&#8221;dark&#8221; overlay_alpha=&#8221;50&#8243; shift_x=&#8221;0&#8243; shift_y=&#8221;0&#8243; shift_y_down=&#8221;0&#8243; z_index=&#8221;0&#8243; medium_width=&#8221;3&#8243; align_mobile=&#8221;align_center_mobile&#8221; mobile_width=&#8221;0&#8243; width=&#8221;1\/3&#8243; uncode_shortcode_id=&#8221;170969&#8243;][vc_custom_heading heading_semantic=&#8221;h3&#8243; text_font=&#8221;font-846016&#8243; text_size=&#8221;h4&#8243; uncode_shortcode_id=&#8221;381470&#8243; text_color_type=&#8221;uncode-palette&#8221; text_color_solid=&#8221;#ff0000&#8243; subheading=&#8221;Reg. 16565394<br \/>\nKMRK: EE102535282<br \/>\nLHV: EE927700771008313154&#8243;]AAA PARTNERID O\u00dc[\/vc_custom_heading][vc_column_text uncode_shortcode_id=&#8221;125519&#8243;][\/vc_column_text][vc_icon position=&#8221;left&#8221; display=&#8221;inline&#8221; icon=&#8221;fa fa-map5&#8243; size=&#8221;fa-2x&#8221; heading_semantic=&#8221;h1&#8243; uncode_shortcode_id=&#8221;191915&#8243; link=&#8221;url:https%3A%2F%2Fmaps.app.goo.gl%2Fpr3TxBqRRwYtWVJ26|&#8221;][\/vc_icon][vc_icon position=&#8221;left&#8221; display=&#8221;inline&#8221; icon=&#8221;fa fa-envelope3&#8243; size=&#8221;fa-2x&#8221; heading_semantic=&#8221;h1&#8243; uncode_shortcode_id=&#8221;106040&#8243; link=&#8221;url:mailto%3A%20aaapartners.info%40gmail.com|&#8221;][\/vc_icon][vc_icon display=&#8221;inline&#8221; icon=&#8221;fa fa-phone-handset&#8221; size=&#8221;fa-2x&#8221; heading_semantic=&#8221;h1&#8243; uncode_shortcode_id=&#8221;171606&#8243; link=&#8221;url:tel%3A%20%2B37255555590|&#8221;][\/vc_icon][\/vc_column_inner][\/vc_row_inner][\/vc_column][\/vc_row][vc_row row_height_percent=&#8221;0&#8243; override_padding=&#8221;yes&#8221; h_padding=&#8221;2&#8243; top_padding=&#8221;2&#8243; bottom_padding=&#8221;2&#8243; back_color=&#8221;color-wayh&#8221; overlay_alpha=&#8221;50&#8243; gutter_size=&#8221;3&#8243; column_width_percent=&#8221;100&#8243; shift_y=&#8221;0&#8243; z_index=&#8221;0&#8243; top_divider=&#8221;gradient&#8221; uncode_shortcode_id=&#8221;471050&#8243; back_color_type=&#8221;uncode-palette&#8221;][vc_column column_width_percent=&#8221;100&#8243; align_horizontal=&#8221;align_center&#8221; gutter_size=&#8221;3&#8243; style=&#8221;dark&#8221; font_family=&#8221;font-846016&#8243; overlay_alpha=&#8221;50&#8243; shift_x=&#8221;0&#8243; shift_y=&#8221;0&#8243; shift_y_down=&#8221;0&#8243; z_index=&#8221;0&#8243; medium_width=&#8221;0&#8243; mobile_width=&#8221;0&#8243; width=&#8221;1\/1&#8243; uncode_shortcode_id=&#8221;184813&#8243;][uncode_copyright text_lead=&#8221;small&#8221; el_class=&#8221;copyright&#8221;][\/vc_column][\/vc_row]<\/p>\n<\/div>","protected":false},"excerpt":{"rendered":"<p>[vc_row row_height_percent=&#8221;0&#8243; override_padding=&#8221;yes&#8221; h_padding=&#8221;2&#8243; top_padding=&#8221;5&#8243; bottom_padding=&#8221;5&#8243; back_color=&#8221;color-wayh&#8221; back_image=&#8221;130945&#8243; back_position=&#8221;center center&#8221; parallax=&#8221;yes&#8221; overlay_color=&#8221;color-wayh&#8221; overlay_alpha=&#8221;50&#8243; gutter_size=&#8221;3&#8243; column_width_percent=&#8221;100&#8243; shift_y=&#8221;0&#8243; z_index=&#8221;1&#8243; uncode_shortcode_id=&#8221;672409&#8243; back_color_type=&#8221;uncode-palette&#8221; overlay_color_type=&#8221;uncode-palette&#8221; [&hellip;]<\/p>\n","protected":false},"author":1,"featured_media":130294,"parent":0,"menu_order":0,"comment_status":"closed","ping_status":"closed","template":"","meta":{"footnotes":""},"class_list":["post-131139","page","type-page","status-publish","has-post-thumbnail","hentry","page_category-klassikaline","page_category-agentuur"],"_links":{"self":[{"href":"https:\/\/test.astone.ee\/et\/wp-json\/wp\/v2\/pages\/131139","targetHints":{"allow":["GET"]}}],"collection":[{"href":"https:\/\/test.astone.ee\/et\/wp-json\/wp\/v2\/pages"}],"about":[{"href":"https:\/\/test.astone.ee\/et\/wp-json\/wp\/v2\/types\/page"}],"author":[{"embeddable":true,"href":"https:\/\/test.astone.ee\/et\/wp-json\/wp\/v2\/users\/1"}],"replies":[{"embeddable":true,"href":"https:\/\/test.astone.ee\/et\/wp-json\/wp\/v2\/comments?post=131139"}],"version-history":[{"count":2,"href":"https:\/\/test.astone.ee\/et\/wp-json\/wp\/v2\/pages\/131139\/revisions"}],"predecessor-version":[{"id":131141,"href":"https:\/\/test.astone.ee\/et\/wp-json\/wp\/v2\/pages\/131139\/revisions\/131141"}],"wp:featuredmedia":[{"embeddable":true,"href":"https:\/\/test.astone.ee\/et\/wp-json\/wp\/v2\/media\/130294"}],"wp:attachment":[{"href":"https:\/\/test.astone.ee\/et\/wp-json\/wp\/v2\/media?parent=131139"}],"curies":[{"name":"wp","href":"https:\/\/api.w.org\/{rel}","templated":true}]}}